{"id":56,"date":"2021-06-22T08:32:40","date_gmt":"2021-06-22T08:32:40","guid":{"rendered":"https:\/\/neuronthemes.com\/merope\/pluto\/?page_id=56"},"modified":"2025-02-11T11:24:35","modified_gmt":"2025-02-11T10:24:35","slug":"contact","status":"publish","type":"page","link":"https:\/\/maikewittreck.com\/de\/contact\/","title":{"rendered":"Kontakt"},"content":{"rendered":"\t\t<div data-elementor-type=\"wp-page\" data-elementor-id=\"56\" class=\"elementor elementor-56\">\n\t\t\t\t\t\t<section class=\"elementor-section elementor-top-section elementor-element elementor-element-040e164 elementor-section-boxed elementor-section-height-default elementor-section-height-default\" data-id=\"040e164\" data-element_type=\"section\">\n\t\t\t\t\t\t<div class=\"elementor-container elementor-column-gap-default\">\n\t\t\t\t\t<div class=\"elementor-column elementor-col-100 elementor-top-column elementor-element elementor-element-1d7b01f\" data-id=\"1d7b01f\" data-element_type=\"column\">\n\t\t\t<div class=\"elementor-widget-wrap elementor-element-populated\">\n\t\t\t\t\t\t<div class=\"elementor-element elementor-element-c71af5b elementor-widget elementor-widget-spacer\" data-id=\"c71af5b\" data-element_type=\"widget\" data-widget_type=\"spacer.default\">\n\t\t\t\t<div class=\"elementor-widget-container\">\n\t\t\t\t\t\t\t<div class=\"elementor-spacer\">\n\t\t\t<div class=\"elementor-spacer-inner\"><\/div>\n\t\t<\/div>\n\t\t\t\t\t\t<\/div>\n\t\t\t\t<\/div>\n\t\t\t\t<section class=\"elementor-section elementor-inner-section elementor-element elementor-element-68ac4f6 elementor-section-full_width elementor-section-height-default elementor-section-height-default\" data-id=\"68ac4f6\" data-element_type=\"section\">\n\t\t\t\t\t\t<div class=\"elementor-container elementor-column-gap-no\">\n\t\t\t\t\t<div class=\"elementor-column elementor-col-50 elementor-inner-column elementor-element elementor-element-39c4e69 elementor-invisible\" data-id=\"39c4e69\" data-element_type=\"column\" data-settings=\"{&quot;animation&quot;:&quot;h-neuron-animation--fadeIn&quot;,&quot;animation_delay&quot;:240}\">\n\t\t\t<div class=\"elementor-widget-wrap elementor-element-populated\">\n\t\t\t\t\t\t<div class=\"elementor-element elementor-element-58ab12b elementor-widget elementor-widget-heading\" data-id=\"58ab12b\" data-element_type=\"widget\" data-widget_type=\"heading.default\">\n\t\t\t\t<div class=\"elementor-widget-container\">\n\t\t\t\t\t<h2 class=\"elementor-heading-title elementor-size-default\">Hey, meld dich doch einfach mal!<\/h2>\t\t\t\t<\/div>\n\t\t\t\t<\/div>\n\t\t\t\t<div class=\"elementor-element elementor-element-8c5a07d elementor-widget elementor-widget-text-editor\" data-id=\"8c5a07d\" data-element_type=\"widget\" data-widget_type=\"text-editor.default\">\n\t\t\t\t<div class=\"elementor-widget-container\">\n\t\t\t\t\t\t\t\t\t<p>Wenn du noch keine konkrete Anfrage hast, dann nutze gerne das allgemeine Kontaktformular oder schreibe mir eine E-Mail an hallo@maikewittreck.com<\/p><p>Wenn du schon ein paar mehr Infos f\u00fcr mich hast, dann h\u00fcpf gern r\u00fcber zum Kontaktformular auf der jeweiligen Seite:<\/p>\t\t\t\t\t\t\t\t<\/div>\n\t\t\t\t<\/div>\n\t\t\t\t<div class=\"elementor-element elementor-element-73fa914 elementor-icon-list--layout-traditional elementor-list-item-link-full_width elementor-widget elementor-widget-icon-list\" data-id=\"73fa914\" data-element_type=\"widget\" data-widget_type=\"icon-list.default\">\n\t\t\t\t<div class=\"elementor-widget-container\">\n\t\t\t\t\t\t\t<ul class=\"elementor-icon-list-items\">\n\t\t\t\t\t\t\t<li class=\"elementor-icon-list-item\">\n\t\t\t\t\t\t\t\t\t\t\t<a href=\"https:\/\/maikewittreck.com\/de\/hochzeitsfotos\/#h14\">\n\n\t\t\t\t\t\t\t\t\t\t\t\t<span class=\"elementor-icon-list-icon\">\n\t\t\t\t\t\t\t<i aria-hidden=\"true\" class=\"n-icon n-icon-send\"><\/i>\t\t\t\t\t\t<\/span>\n\t\t\t\t\t\t\t\t\t\t<span class=\"elementor-icon-list-text\">Anfrage f\u00fcr Hochzeitsfotos<\/span>\n\t\t\t\t\t\t\t\t\t\t\t<\/a>\n\t\t\t\t\t\t\t\t\t<\/li>\n\t\t\t\t\t\t\t\t<li class=\"elementor-icon-list-item\">\n\t\t\t\t\t\t\t\t\t\t\t<a href=\"https:\/\/maikewittreck.com\/de\/people#h13\">\n\n\t\t\t\t\t\t\t\t\t\t\t\t<span class=\"elementor-icon-list-icon\">\n\t\t\t\t\t\t\t<i aria-hidden=\"true\" class=\"n-icon n-icon-send\"><\/i>\t\t\t\t\t\t<\/span>\n\t\t\t\t\t\t\t\t\t\t<span class=\"elementor-icon-list-text\">Anfrage f\u00fcr Familien\/Couple\/Freund*innen-Fotos<\/span>\n\t\t\t\t\t\t\t\t\t\t\t<\/a>\n\t\t\t\t\t\t\t\t\t<\/li>\n\t\t\t\t\t\t<\/ul>\n\t\t\t\t\t\t<\/div>\n\t\t\t\t<\/div>\n\t\t\t\t\t<\/div>\n\t\t<\/div>\n\t\t\t\t<div class=\"elementor-column elementor-col-50 elementor-inner-column elementor-element elementor-element-9c975a6 elementor-invisible\" data-id=\"9c975a6\" data-element_type=\"column\" data-settings=\"{&quot;animation&quot;:&quot;h-neuron-animation--fadeIn&quot;,&quot;animation_delay&quot;:160}\">\n\t\t\t<div class=\"elementor-widget-wrap elementor-element-populated\">\n\t\t\t\t\t\t<div class=\"elementor-element elementor-element-4fcaab7 elementor-invisible elementor-widget elementor-widget-heading\" data-id=\"4fcaab7\" data-element_type=\"widget\" data-settings=\"{&quot;_animation&quot;:&quot;h-neuron-animation--fadeIn&quot;}\" data-widget_type=\"heading.default\">\n\t\t\t\t<div class=\"elementor-widget-container\">\n\t\t\t\t\t<h6 class=\"elementor-heading-title elementor-size-default\">Allgemeines Formular<\/h6>\t\t\t\t<\/div>\n\t\t\t\t<\/div>\n\t\t\t\t<div class=\"elementor-element elementor-element-39d615d elementor-invisible elementor-widget elementor-widget-neuron-form\" data-id=\"39d615d\" data-element_type=\"widget\" data-settings=\"{&quot;_animation&quot;:&quot;h-neuron-animation--fadeIn&quot;}\" data-widget_type=\"neuron-form.default\">\n\t\t\t\t<div class=\"elementor-widget-container\">\n\t\t\t\t\t\t\t<form class=\"m-neuron-form\" method=\"post\" name=\"New Form\">\n\t\t\t<input type=\"hidden\" id=\"neuron_forms_nonce\" name=\"neuron_forms_nonce\" value=\"6e2bd413f1\" \/><input type=\"hidden\" name=\"_wp_http_referer\" value=\"\/de\/wp-json\/wp\/v2\/pages\/56\" \/>\t\t\t<input type=\"hidden\" name=\"post_id\" value=\"56\"\/>\n\t\t\t<input type=\"hidden\" name=\"form_id\" value=\"39d615d\"\/>\n\n\t\t\t\t\t\t<div class=\"m-neuron-form__field-group--text m-neuron-form__field-group elementor-repeater-item-7412c58\">\n\t\t\t\t<label for=\"form-field-name\" class=\"m-neuron-form__label elementor-screen-only\">Name<\/label><input size=\"1\" type=\"text\" name=\"form_fields[name]\" id=\"form-field-name\" class=\"m-neuron-form__field h-neuron-size-sm  m-neuron-form__input\" placeholder=\"Dein Name\">\t\t\t<\/div>\n\t\t\t\t\t\t<div class=\"m-neuron-form__field-group--email m-neuron-form__field-group elementor-repeater-item-105459e m-neuron-form__field-group--required\">\n\t\t\t\t<label for=\"form-field-email\" class=\"m-neuron-form__label elementor-screen-only\">Email<\/label><input size=\"1\" type=\"email\" name=\"form_fields[email]\" id=\"form-field-email\" class=\"m-neuron-form__field h-neuron-size-sm  m-neuron-form__input\" placeholder=\"Deine Email-Adresse\" required=\"required\" aria-required=\"true\">\t\t\t<\/div>\n\t\t\t\t\t\t<div class=\"m-neuron-form__field-group--textarea m-neuron-form__field-group elementor-repeater-item-c57f054\">\n\t\t\t\t<label for=\"form-field-message\" class=\"m-neuron-form__label elementor-screen-only\">Message<\/label><textarea class=\"m-neuron-form__field  h-neuron-size-sm\" name=\"form_fields[message]\" id=\"form-field-message\" rows=\"4\" placeholder=\"Deine Nachricht an mich...\"><\/textarea>\t\t\t<\/div>\n\t\t\t\t\t\t<div class=\"m-neuron-form__field-group--html m-neuron-form__field-group elementor-repeater-item-effe0e3\">\n\t\t\t\t<p style=\"color:white;\"> Mit dem Absenden erkl\u00e4rst du dich mit meiner Datenschutzerkl\u00e4ung einverstanden. Deine Daten werden nur zur Beantwortung deiner Anfrage gespeichert.\t\t\t<\/div>\n\t\t\t\t\t\t<div class=\"m-neuron-form__field-group m-neuron-form__button\">\n\t\t\t\t<button type=\"submit\" class=\"m-neuron-form__submit-button a-neuron-button h-neuron-size--sm\">\n\t\t\t\t\t<span class=\"m-neuron-form__button-icon--left\">\n\t\t\t\t\t\t\t\t\t\t\t\t\t<span class=\"m-neuron-form__button-icon\">\n\t\t\t\t\t\t\t\t<i aria-hidden=\"true\" class=\"n-icon n-icon-send\"><\/i>\t\t\t\t\t\t\t\t\t\t\t\t\t\t\t<\/span>\n\t\t\t\t\t\t\t\t\t\t\t\t\t\t\t\t\t\t\t<span class=\"m-neuron-form__button-text\">Anfrage senden<\/span>\n\t\t\t\t\t\t\t\t\t\t\t<\/span>\n\t\t\t\t<\/button>\n\t\t\t<\/div>\n\t\t<\/form>\n\t\t\t\t\t\t<\/div>\n\t\t\t\t<\/div>\n\t\t\t\t\t<\/div>\n\t\t<\/div>\n\t\t\t\t\t<\/div>\n\t\t<\/section>\n\t\t\t\t<div class=\"elementor-element elementor-element-cc13806 elementor-widget-divider--view-line elementor-widget elementor-widget-divider\" data-id=\"cc13806\" data-element_type=\"widget\" data-widget_type=\"divider.default\">\n\t\t\t\t<div class=\"elementor-widget-container\">\n\t\t\t\t\t\t\t<div class=\"elementor-divider\">\n\t\t\t<span class=\"elementor-divider-separator\">\n\t\t\t\t\t\t<\/span>\n\t\t<\/div>\n\t\t\t\t\t\t<\/div>\n\t\t\t\t<\/div>\n\t\t\t\t\t<\/div>\n\t\t<\/div>\n\t\t\t\t\t<\/div>\n\t\t<\/section>\n\t\t\t\t<\/div>\n\t\t","protected":false},"excerpt":{"rendered":"<p>Hey, meld dich doch einfach mal! Wenn du noch keine konkrete Anfrage hast, dann nutze gerne das allgemeine Kontaktformular oder schreibe mir eine E-Mail an hallo@maikewittreck.com Wenn du schon ein paar mehr Infos f\u00fcr mich hast, dann h\u00fcpf gern r\u00fcber zum Kontaktformular auf der jeweiligen Seite: Anfrage f\u00fcr Hochzeitsfotos Anfrage f\u00fcr Familien\/Couple\/Freund*innen-Fotos Allgemeines Formular<\/p>\n","protected":false},"author":1,"featured_media":0,"parent":0,"menu_order":0,"comment_status":"closed","ping_status":"closed","template":"","meta":{"footnotes":""},"class_list":["post-56","page","type-page","status-publish","hentry"],"yoast_head":"<!-- This site is optimized with the Yoast SEO plugin v26.5 - https:\/\/yoast.com\/wordpress\/plugins\/seo\/ -->\n<title>Kontakt - Maike Wittreck<\/title>\n<meta name=\"description\" content=\"Ihr habt Lust auf neue Fotos oder seid auf der Suche nach einer Hochzeitsfotografin? Dann meldet euch bei mir!\" \/>\n<meta name=\"robots\" content=\"index, follow, max-snippet:-1, max-image-preview:large, max-video-preview:-1\" \/>\n<link rel=\"canonical\" href=\"https:\/\/maikewittreck.com\/de\/contact\/\" \/>\n<meta property=\"og:locale\" content=\"de_DE\" \/>\n<meta property=\"og:type\" content=\"article\" \/>\n<meta property=\"og:title\" content=\"Kontakt - Maike Wittreck\" \/>\n<meta property=\"og:description\" content=\"Ihr habt Lust auf neue Fotos oder seid auf der Suche nach einer Hochzeitsfotografin? Dann meldet euch bei mir!\" \/>\n<meta property=\"og:url\" content=\"https:\/\/maikewittreck.com\/de\/contact\/\" \/>\n<meta property=\"og:site_name\" content=\"Maike Wittreck\" \/>\n<meta property=\"article:modified_time\" content=\"2025-02-11T10:24:35+00:00\" \/>\n<meta name=\"twitter:card\" content=\"summary_large_image\" \/>\n<meta name=\"twitter:label1\" content=\"Gesch\u00e4tzte Lesezeit\" \/>\n\t<meta name=\"twitter:data1\" content=\"1\u00a0Minute\" \/>\n<script type=\"application\/ld+json\" class=\"yoast-schema-graph\">{\"@context\":\"https:\/\/schema.org\",\"@graph\":[{\"@type\":\"WebPage\",\"@id\":\"https:\/\/maikewittreck.com\/de\/contact\/\",\"url\":\"https:\/\/maikewittreck.com\/de\/contact\/\",\"name\":\"Kontakt - Maike Wittreck\",\"isPartOf\":{\"@id\":\"https:\/\/maikewittreck.com\/de\/#website\"},\"datePublished\":\"2021-06-22T08:32:40+00:00\",\"dateModified\":\"2025-02-11T10:24:35+00:00\",\"description\":\"Ihr habt Lust auf neue Fotos oder seid auf der Suche nach einer Hochzeitsfotografin? Dann meldet euch bei mir!\",\"breadcrumb\":{\"@id\":\"https:\/\/maikewittreck.com\/de\/contact\/#breadcrumb\"},\"inLanguage\":\"de\",\"potentialAction\":[{\"@type\":\"ReadAction\",\"target\":[\"https:\/\/maikewittreck.com\/de\/contact\/\"]}]},{\"@type\":\"BreadcrumbList\",\"@id\":\"https:\/\/maikewittreck.com\/de\/contact\/#breadcrumb\",\"itemListElement\":[{\"@type\":\"ListItem\",\"position\":1,\"name\":\"Startseite\",\"item\":\"https:\/\/maikewittreck.com\/de\/\"},{\"@type\":\"ListItem\",\"position\":2,\"name\":\"Kontakt\"}]},{\"@type\":\"WebSite\",\"@id\":\"https:\/\/maikewittreck.com\/de\/#website\",\"url\":\"https:\/\/maikewittreck.com\/de\/\",\"name\":\"Maike Wittreck\",\"description\":\"Just another Merope Sites site\",\"publisher\":{\"@id\":\"https:\/\/maikewittreck.com\/de\/#\/schema\/person\/82d15e967329cbb47f5fd9bd109c9462\"},\"potentialAction\":[{\"@type\":\"SearchAction\",\"target\":{\"@type\":\"EntryPoint\",\"urlTemplate\":\"https:\/\/maikewittreck.com\/de\/?s={search_term_string}\"},\"query-input\":{\"@type\":\"PropertyValueSpecification\",\"valueRequired\":true,\"valueName\":\"search_term_string\"}}],\"inLanguage\":\"de\"},{\"@type\":[\"Person\",\"Organization\"],\"@id\":\"https:\/\/maikewittreck.com\/de\/#\/schema\/person\/82d15e967329cbb47f5fd9bd109c9462\",\"name\":\"Maike Wittreck\",\"image\":{\"@type\":\"ImageObject\",\"inLanguage\":\"de\",\"@id\":\"https:\/\/maikewittreck.com\/de\/#\/schema\/person\/image\/\",\"url\":\"https:\/\/secure.gravatar.com\/avatar\/8d5c7eaa03248c1c7ea0db8cc76c47cd2b1861e15dfc78fd3055572a717dcee4?s=96&d=mm&r=g\",\"contentUrl\":\"https:\/\/secure.gravatar.com\/avatar\/8d5c7eaa03248c1c7ea0db8cc76c47cd2b1861e15dfc78fd3055572a717dcee4?s=96&d=mm&r=g\",\"caption\":\"Maike Wittreck\"},\"logo\":{\"@id\":\"https:\/\/maikewittreck.com\/de\/#\/schema\/person\/image\/\"}}]}<\/script>\n<!-- \/ Yoast SEO plugin. -->","yoast_head_json":{"title":"Kontakt - Maike Wittreck","description":"Ihr habt Lust auf neue Fotos oder seid auf der Suche nach einer Hochzeitsfotografin? Dann meldet euch bei mir!","robots":{"index":"index","follow":"follow","max-snippet":"max-snippet:-1","max-image-preview":"max-image-preview:large","max-video-preview":"max-video-preview:-1"},"canonical":"https:\/\/maikewittreck.com\/de\/contact\/","og_locale":"de_DE","og_type":"article","og_title":"Kontakt - Maike Wittreck","og_description":"Ihr habt Lust auf neue Fotos oder seid auf der Suche nach einer Hochzeitsfotografin? Dann meldet euch bei mir!","og_url":"https:\/\/maikewittreck.com\/de\/contact\/","og_site_name":"Maike Wittreck","article_modified_time":"2025-02-11T10:24:35+00:00","twitter_card":"summary_large_image","twitter_misc":{"Gesch\u00e4tzte Lesezeit":"1\u00a0Minute"},"schema":{"@context":"https:\/\/schema.org","@graph":[{"@type":"WebPage","@id":"https:\/\/maikewittreck.com\/de\/contact\/","url":"https:\/\/maikewittreck.com\/de\/contact\/","name":"Kontakt - Maike Wittreck","isPartOf":{"@id":"https:\/\/maikewittreck.com\/de\/#website"},"datePublished":"2021-06-22T08:32:40+00:00","dateModified":"2025-02-11T10:24:35+00:00","description":"Ihr habt Lust auf neue Fotos oder seid auf der Suche nach einer Hochzeitsfotografin? Dann meldet euch bei mir!","breadcrumb":{"@id":"https:\/\/maikewittreck.com\/de\/contact\/#breadcrumb"},"inLanguage":"de","potentialAction":[{"@type":"ReadAction","target":["https:\/\/maikewittreck.com\/de\/contact\/"]}]},{"@type":"BreadcrumbList","@id":"https:\/\/maikewittreck.com\/de\/contact\/#breadcrumb","itemListElement":[{"@type":"ListItem","position":1,"name":"Startseite","item":"https:\/\/maikewittreck.com\/de\/"},{"@type":"ListItem","position":2,"name":"Kontakt"}]},{"@type":"WebSite","@id":"https:\/\/maikewittreck.com\/de\/#website","url":"https:\/\/maikewittreck.com\/de\/","name":"Maike Wittreck","description":"Just another Merope Sites site","publisher":{"@id":"https:\/\/maikewittreck.com\/de\/#\/schema\/person\/82d15e967329cbb47f5fd9bd109c9462"},"potentialAction":[{"@type":"SearchAction","target":{"@type":"EntryPoint","urlTemplate":"https:\/\/maikewittreck.com\/de\/?s={search_term_string}"},"query-input":{"@type":"PropertyValueSpecification","valueRequired":true,"valueName":"search_term_string"}}],"inLanguage":"de"},{"@type":["Person","Organization"],"@id":"https:\/\/maikewittreck.com\/de\/#\/schema\/person\/82d15e967329cbb47f5fd9bd109c9462","name":"Maike Wittreck","image":{"@type":"ImageObject","inLanguage":"de","@id":"https:\/\/maikewittreck.com\/de\/#\/schema\/person\/image\/","url":"https:\/\/secure.gravatar.com\/avatar\/8d5c7eaa03248c1c7ea0db8cc76c47cd2b1861e15dfc78fd3055572a717dcee4?s=96&d=mm&r=g","contentUrl":"https:\/\/secure.gravatar.com\/avatar\/8d5c7eaa03248c1c7ea0db8cc76c47cd2b1861e15dfc78fd3055572a717dcee4?s=96&d=mm&r=g","caption":"Maike Wittreck"},"logo":{"@id":"https:\/\/maikewittreck.com\/de\/#\/schema\/person\/image\/"}}]}},"_links":{"self":[{"href":"https:\/\/maikewittreck.com\/de\/wp-json\/wp\/v2\/pages\/56","targetHints":{"allow":["GET"]}}],"collection":[{"href":"https:\/\/maikewittreck.com\/de\/wp-json\/wp\/v2\/pages"}],"about":[{"href":"https:\/\/maikewittreck.com\/de\/wp-json\/wp\/v2\/types\/page"}],"author":[{"embeddable":true,"href":"https:\/\/maikewittreck.com\/de\/wp-json\/wp\/v2\/users\/1"}],"replies":[{"embeddable":true,"href":"https:\/\/maikewittreck.com\/de\/wp-json\/wp\/v2\/comments?post=56"}],"version-history":[{"count":10,"href":"https:\/\/maikewittreck.com\/de\/wp-json\/wp\/v2\/pages\/56\/revisions"}],"predecessor-version":[{"id":5666,"href":"https:\/\/maikewittreck.com\/de\/wp-json\/wp\/v2\/pages\/56\/revisions\/5666"}],"wp:attachment":[{"href":"https:\/\/maikewittreck.com\/de\/wp-json\/wp\/v2\/media?parent=56"}],"curies":[{"name":"wp","href":"https:\/\/api.w.org\/{rel}","templated":true}]}}