{"id":3939,"date":"2025-01-19T14:13:01","date_gmt":"2025-01-19T13:13:01","guid":{"rendered":"http:\/\/dev.maikewittreck.com\/de\/?page_id=3939"},"modified":"2025-01-19T14:28:11","modified_gmt":"2025-01-19T13:28:11","slug":"impressum","status":"publish","type":"page","link":"https:\/\/maikewittreck.com\/de\/impressum\/","title":{"rendered":"Impressum"},"content":{"rendered":"\t\t<div data-elementor-type=\"wp-page\" data-elementor-id=\"3939\" class=\"elementor elementor-3939\">\n\t\t\t\t\t\t<section class=\"elementor-section elementor-top-section elementor-element elementor-element-5807acb elementor-section-boxed elementor-section-height-default elementor-section-height-default\" data-id=\"5807acb\" data-element_type=\"section\" data-settings=\"{&quot;background_background&quot;:&quot;classic&quot;}\">\n\t\t\t\t\t\t<div class=\"elementor-container elementor-column-gap-default\">\n\t\t\t\t\t<div class=\"elementor-column elementor-col-100 elementor-top-column elementor-element elementor-element-9136f25\" data-id=\"9136f25\" data-element_type=\"column\">\n\t\t\t<div class=\"elementor-widget-wrap elementor-element-populated\">\n\t\t\t\t\t\t<div class=\"elementor-element elementor-element-613f83e elementor-widget elementor-widget-text-editor\" data-id=\"613f83e\" data-element_type=\"widget\" data-widget_type=\"text-editor.default\">\n\t\t\t\t<div class=\"elementor-widget-container\">\n\t\t\t\t\t\t\t\t\t<p>Impressum<br \/>Angaben gem\u00e4\u00df \u00a7 5 DDG<\/p><p>Maike Wittreck<br \/>Selhausenstra\u00dfe 29<br \/>33699 Bielefeld<\/p><p>Vertreten durch:<br \/>Maike Wittreck<\/p><p>Kontakt:<br \/>E-Mail: hallo@maikewittreck.com<\/p><p>Haftungsausschluss:<\/p><p>\u00a0<\/p><p>Haftung f\u00fcr Inhalte<\/p><p>Die Inhalte unserer Seiten wurden mit gr\u00f6\u00dfter Sorgfalt erstellt. F\u00fcr die Richtigkeit, Vollst\u00e4ndigkeit und Aktualit\u00e4t der Inhalte k\u00f6nnen wir jedoch keine Gew\u00e4hr \u00fcbernehmen. Als Diensteanbieter sind wir gem\u00e4\u00df \u00a7 7 Abs.1 TMG f\u00fcr eigene Inhalte auf diesen Seiten nach den allgemeinen Gesetzen verantwortlich. Nach \u00a7\u00a7 8 bis 10 TMG sind wir als Diensteanbieter jedoch nicht verpflichtet, \u00fcbermittelte oder gespeicherte fremde Informationen zu \u00fcberwachen oder nach Umst\u00e4nden zu forschen, die auf eine rechtswidrige T\u00e4tigkeit hinweisen. Verpflichtungen zur Entfernung oder Sperrung der Nutzung von Informationen nach den allgemeinen Gesetzen bleiben hiervon unber\u00fchrt. Eine diesbez\u00fcgliche Haftung ist jedoch erst ab dem Zeitpunkt der Kenntnis einer konkreten Rechtsverletzung m\u00f6glich. Bei Bekanntwerden von entsprechenden Rechtsverletzungen werden wir diese Inhalte umgehend entfernen.<\/p><p>\u00a0<\/p><p>Haftung f\u00fcr Links<\/p><p>Unser Angebot enth\u00e4lt Links zu externen Webseiten Dritter, auf deren Inhalte wir keinen Einfluss haben. Deshalb k\u00f6nnen wir f\u00fcr diese fremden Inhalte auch keine Gew\u00e4hr \u00fcbernehmen. F\u00fcr die Inhalte der verlinkten Seiten ist stets der jeweilige Anbieter oder Betreiber der Seiten verantwortlich. Die verlinkten Seiten wurden zum Zeitpunkt der Verlinkung auf m\u00f6gliche Rechtsverst\u00f6\u00dfe \u00fcberpr\u00fcft. Rechtswidrige Inhalte waren zum Zeitpunkt der Verlinkung nicht erkennbar. Eine permanente inhaltliche Kontrolle der verlinkten Seiten ist jedoch ohne konkrete Anhaltspunkte einer Rechtsverletzung nicht zumutbar. Bei Bekanntwerden von Rechtsverletzungen werden wir derartige Links umgehend entfernen.<\/p><p>\u00a0<\/p><p>Urheberrecht<\/p><p>Die durch die Seitenbetreiber erstellten Inhalte und Werke auf diesen Seiten unterliegen dem deutschen Urheberrecht. Die Vervielf\u00e4ltigung, Bearbeitung, Verbreitung und jede Art der Verwertung au\u00dferhalb der Grenzen des Urheberrechtes bed\u00fcrfen der schriftlichen Zustimmung des jeweiligen Autors bzw. Erstellers. Downloads und Kopien dieser Seite sind nur f\u00fcr den privaten, nicht kommerziellen Gebrauch gestattet. Soweit die Inhalte auf dieser Seite nicht vom Betreiber erstellt wurden, werden die Urheberrechte Dritter beachtet. Insbesondere werden Inhalte Dritter als solche gekennzeichnet. Sollten Sie trotzdem auf eine Urheberrechtsverletzung aufmerksam werden, bitten wir um einen entsprechenden Hinweis. Bei Bekanntwerden von Rechtsverletzungen werden wir derartige Inhalte umgehend entfernen.<\/p>\t\t\t\t\t\t\t\t<\/div>\n\t\t\t\t<\/div>\n\t\t\t\t\t<\/div>\n\t\t<\/div>\n\t\t\t\t\t<\/div>\n\t\t<\/section>\n\t\t\t\t<\/div>\n\t\t","protected":false},"excerpt":{"rendered":"<p>ImpressumAngaben gem\u00e4\u00df \u00a7 5 DDG Maike WittreckSelhausenstra\u00dfe 2933699 Bielefeld Vertreten durch:Maike Wittreck Kontakt:E-Mail: hallo@maikewittreck.com Haftungsausschluss: \u00a0 Haftung f\u00fcr Inhalte Die Inhalte unserer Seiten wurden mit gr\u00f6\u00dfter Sorgfalt erstellt. F\u00fcr die Richtigkeit, Vollst\u00e4ndigkeit und Aktualit\u00e4t der Inhalte k\u00f6nnen wir jedoch keine Gew\u00e4hr \u00fcbernehmen. Als Diensteanbieter sind wir gem\u00e4\u00df \u00a7 7 Abs.1 TMG f\u00fcr eigene Inhalte auf&#8230;<\/p>\n","protected":false},"author":1,"featured_media":0,"parent":0,"menu_order":0,"comment_status":"closed","ping_status":"closed","template":"","meta":{"footnotes":""},"class_list":["post-3939","page","type-page","status-publish","hentry"],"yoast_head":"<!-- This site is optimized with the Yoast SEO plugin v26.5 - https:\/\/yoast.com\/wordpress\/plugins\/seo\/ -->\n<title>Impressum - Maike Wittreck<\/title>\n<meta name=\"robots\" content=\"index, follow, max-snippet:-1, max-image-preview:large, max-video-preview:-1\" \/>\n<link rel=\"canonical\" href=\"https:\/\/maikewittreck.com\/de\/impressum\/\" \/>\n<meta property=\"og:locale\" content=\"de_DE\" \/>\n<meta property=\"og:type\" content=\"article\" \/>\n<meta property=\"og:title\" content=\"Impressum - Maike Wittreck\" \/>\n<meta property=\"og:description\" content=\"ImpressumAngaben gem\u00e4\u00df \u00a7 5 DDG Maike WittreckSelhausenstra\u00dfe 2933699 Bielefeld Vertreten durch:Maike Wittreck Kontakt:E-Mail: hallo@maikewittreck.com Haftungsausschluss: \u00a0 Haftung f\u00fcr Inhalte Die Inhalte unserer Seiten wurden mit gr\u00f6\u00dfter Sorgfalt erstellt. F\u00fcr die Richtigkeit, Vollst\u00e4ndigkeit und Aktualit\u00e4t der Inhalte k\u00f6nnen wir jedoch keine Gew\u00e4hr \u00fcbernehmen. Als Diensteanbieter sind wir gem\u00e4\u00df \u00a7 7 Abs.1 TMG f\u00fcr eigene Inhalte auf...\" \/>\n<meta property=\"og:url\" content=\"https:\/\/maikewittreck.com\/de\/impressum\/\" \/>\n<meta property=\"og:site_name\" content=\"Maike Wittreck\" \/>\n<meta property=\"article:modified_time\" content=\"2025-01-19T13:28:11+00:00\" \/>\n<meta name=\"twitter:card\" content=\"summary_large_image\" \/>\n<meta name=\"twitter:label1\" content=\"Gesch\u00e4tzte Lesezeit\" \/>\n\t<meta name=\"twitter:data1\" content=\"2\u00a0Minuten\" \/>\n<script type=\"application\/ld+json\" class=\"yoast-schema-graph\">{\"@context\":\"https:\/\/schema.org\",\"@graph\":[{\"@type\":\"WebPage\",\"@id\":\"https:\/\/maikewittreck.com\/de\/impressum\/\",\"url\":\"https:\/\/maikewittreck.com\/de\/impressum\/\",\"name\":\"Impressum - Maike Wittreck\",\"isPartOf\":{\"@id\":\"https:\/\/maikewittreck.com\/de\/#website\"},\"datePublished\":\"2025-01-19T13:13:01+00:00\",\"dateModified\":\"2025-01-19T13:28:11+00:00\",\"breadcrumb\":{\"@id\":\"https:\/\/maikewittreck.com\/de\/impressum\/#breadcrumb\"},\"inLanguage\":\"de\",\"potentialAction\":[{\"@type\":\"ReadAction\",\"target\":[\"https:\/\/maikewittreck.com\/de\/impressum\/\"]}]},{\"@type\":\"BreadcrumbList\",\"@id\":\"https:\/\/maikewittreck.com\/de\/impressum\/#breadcrumb\",\"itemListElement\":[{\"@type\":\"ListItem\",\"position\":1,\"name\":\"Startseite\",\"item\":\"https:\/\/maikewittreck.com\/de\/\"},{\"@type\":\"ListItem\",\"position\":2,\"name\":\"Impressum\"}]},{\"@type\":\"WebSite\",\"@id\":\"https:\/\/maikewittreck.com\/de\/#website\",\"url\":\"https:\/\/maikewittreck.com\/de\/\",\"name\":\"Maike Wittreck\",\"description\":\"Just another Merope Sites site\",\"publisher\":{\"@id\":\"https:\/\/maikewittreck.com\/de\/#\/schema\/person\/82d15e967329cbb47f5fd9bd109c9462\"},\"potentialAction\":[{\"@type\":\"SearchAction\",\"target\":{\"@type\":\"EntryPoint\",\"urlTemplate\":\"https:\/\/maikewittreck.com\/de\/?s={search_term_string}\"},\"query-input\":{\"@type\":\"PropertyValueSpecification\",\"valueRequired\":true,\"valueName\":\"search_term_string\"}}],\"inLanguage\":\"de\"},{\"@type\":[\"Person\",\"Organization\"],\"@id\":\"https:\/\/maikewittreck.com\/de\/#\/schema\/person\/82d15e967329cbb47f5fd9bd109c9462\",\"name\":\"Maike Wittreck\",\"image\":{\"@type\":\"ImageObject\",\"inLanguage\":\"de\",\"@id\":\"https:\/\/maikewittreck.com\/de\/#\/schema\/person\/image\/\",\"url\":\"https:\/\/secure.gravatar.com\/avatar\/8d5c7eaa03248c1c7ea0db8cc76c47cd2b1861e15dfc78fd3055572a717dcee4?s=96&d=mm&r=g\",\"contentUrl\":\"https:\/\/secure.gravatar.com\/avatar\/8d5c7eaa03248c1c7ea0db8cc76c47cd2b1861e15dfc78fd3055572a717dcee4?s=96&d=mm&r=g\",\"caption\":\"Maike Wittreck\"},\"logo\":{\"@id\":\"https:\/\/maikewittreck.com\/de\/#\/schema\/person\/image\/\"}}]}<\/script>\n<!-- \/ Yoast SEO plugin. -->","yoast_head_json":{"title":"Impressum - Maike Wittreck","robots":{"index":"index","follow":"follow","max-snippet":"max-snippet:-1","max-image-preview":"max-image-preview:large","max-video-preview":"max-video-preview:-1"},"canonical":"https:\/\/maikewittreck.com\/de\/impressum\/","og_locale":"de_DE","og_type":"article","og_title":"Impressum - Maike Wittreck","og_description":"ImpressumAngaben gem\u00e4\u00df \u00a7 5 DDG Maike WittreckSelhausenstra\u00dfe 2933699 Bielefeld Vertreten durch:Maike Wittreck Kontakt:E-Mail: hallo@maikewittreck.com Haftungsausschluss: \u00a0 Haftung f\u00fcr Inhalte Die Inhalte unserer Seiten wurden mit gr\u00f6\u00dfter Sorgfalt erstellt. F\u00fcr die Richtigkeit, Vollst\u00e4ndigkeit und Aktualit\u00e4t der Inhalte k\u00f6nnen wir jedoch keine Gew\u00e4hr \u00fcbernehmen. Als Diensteanbieter sind wir gem\u00e4\u00df \u00a7 7 Abs.1 TMG f\u00fcr eigene Inhalte auf...","og_url":"https:\/\/maikewittreck.com\/de\/impressum\/","og_site_name":"Maike Wittreck","article_modified_time":"2025-01-19T13:28:11+00:00","twitter_card":"summary_large_image","twitter_misc":{"Gesch\u00e4tzte Lesezeit":"2\u00a0Minuten"},"schema":{"@context":"https:\/\/schema.org","@graph":[{"@type":"WebPage","@id":"https:\/\/maikewittreck.com\/de\/impressum\/","url":"https:\/\/maikewittreck.com\/de\/impressum\/","name":"Impressum - Maike Wittreck","isPartOf":{"@id":"https:\/\/maikewittreck.com\/de\/#website"},"datePublished":"2025-01-19T13:13:01+00:00","dateModified":"2025-01-19T13:28:11+00:00","breadcrumb":{"@id":"https:\/\/maikewittreck.com\/de\/impressum\/#breadcrumb"},"inLanguage":"de","potentialAction":[{"@type":"ReadAction","target":["https:\/\/maikewittreck.com\/de\/impressum\/"]}]},{"@type":"BreadcrumbList","@id":"https:\/\/maikewittreck.com\/de\/impressum\/#breadcrumb","itemListElement":[{"@type":"ListItem","position":1,"name":"Startseite","item":"https:\/\/maikewittreck.com\/de\/"},{"@type":"ListItem","position":2,"name":"Impressum"}]},{"@type":"WebSite","@id":"https:\/\/maikewittreck.com\/de\/#website","url":"https:\/\/maikewittreck.com\/de\/","name":"Maike Wittreck","description":"Just another Merope Sites site","publisher":{"@id":"https:\/\/maikewittreck.com\/de\/#\/schema\/person\/82d15e967329cbb47f5fd9bd109c9462"},"potentialAction":[{"@type":"SearchAction","target":{"@type":"EntryPoint","urlTemplate":"https:\/\/maikewittreck.com\/de\/?s={search_term_string}"},"query-input":{"@type":"PropertyValueSpecification","valueRequired":true,"valueName":"search_term_string"}}],"inLanguage":"de"},{"@type":["Person","Organization"],"@id":"https:\/\/maikewittreck.com\/de\/#\/schema\/person\/82d15e967329cbb47f5fd9bd109c9462","name":"Maike Wittreck","image":{"@type":"ImageObject","inLanguage":"de","@id":"https:\/\/maikewittreck.com\/de\/#\/schema\/person\/image\/","url":"https:\/\/secure.gravatar.com\/avatar\/8d5c7eaa03248c1c7ea0db8cc76c47cd2b1861e15dfc78fd3055572a717dcee4?s=96&d=mm&r=g","contentUrl":"https:\/\/secure.gravatar.com\/avatar\/8d5c7eaa03248c1c7ea0db8cc76c47cd2b1861e15dfc78fd3055572a717dcee4?s=96&d=mm&r=g","caption":"Maike Wittreck"},"logo":{"@id":"https:\/\/maikewittreck.com\/de\/#\/schema\/person\/image\/"}}]}},"_links":{"self":[{"href":"https:\/\/maikewittreck.com\/de\/wp-json\/wp\/v2\/pages\/3939","targetHints":{"allow":["GET"]}}],"collection":[{"href":"https:\/\/maikewittreck.com\/de\/wp-json\/wp\/v2\/pages"}],"about":[{"href":"https:\/\/maikewittreck.com\/de\/wp-json\/wp\/v2\/types\/page"}],"author":[{"embeddable":true,"href":"https:\/\/maikewittreck.com\/de\/wp-json\/wp\/v2\/users\/1"}],"replies":[{"embeddable":true,"href":"https:\/\/maikewittreck.com\/de\/wp-json\/wp\/v2\/comments?post=3939"}],"version-history":[{"count":10,"href":"https:\/\/maikewittreck.com\/de\/wp-json\/wp\/v2\/pages\/3939\/revisions"}],"predecessor-version":[{"id":3952,"href":"https:\/\/maikewittreck.com\/de\/wp-json\/wp\/v2\/pages\/3939\/revisions\/3952"}],"wp:attachment":[{"href":"https:\/\/maikewittreck.com\/de\/wp-json\/wp\/v2\/media?parent=3939"}],"curies":[{"name":"wp","href":"https:\/\/api.w.org\/{rel}","templated":true}]}}